{"id":14116,"date":"2022-11-21T14:32:15","date_gmt":"2022-11-21T14:32:15","guid":{"rendered":"https:\/\/www.gimnasiovermont.edu.co\/department-of-mathematics\/"},"modified":"2022-11-21T14:33:27","modified_gmt":"2022-11-21T14:33:27","slug":"department-of-mathematics","status":"publish","type":"page","link":"https:\/\/www.gimnasiovermont.edu.co\/en\/department-of-mathematics\/","title":{"rendered":"Department of Mathematics"},"content":{"rendered":"\n<figure class=\"wp-block-image alignwide size-full\"><img decoding=\"async\" width=\"1000\" height=\"200\" src=\"http:\/\/www.gimnasiovermont.edu.co\/wp-content\/uploads\/2021\/11\/Banner-Paginas-internas-PG-Web-GV-5.png\" alt=\"\" class=\"wp-image-6692\" srcset=\"https:\/\/www.gimnasiovermont.edu.co\/wp-content\/uploads\/2021\/11\/Banner-Paginas-internas-PG-Web-GV-5.png 1000w, https:\/\/www.gimnasiovermont.edu.co\/wp-content\/uploads\/2021\/11\/Banner-Paginas-internas-PG-Web-GV-5-300x60.png 300w, https:\/\/www.gimnasiovermont.edu.co\/wp-content\/uploads\/2021\/11\/Banner-Paginas-internas-PG-Web-GV-5-768x154.png 768w\" sizes=\"(max-width: 1000px) 100vw, 1000px\" \/><\/figure>\n\n<p>The <strong>Department of Mathematics<\/strong> leads the training process in the subjects of Mathematics, Geometry, Statistics and Physics, from preschool to eleventh grade. It is made up of a comprehensive team of teachers, specialists in each of these areas, committed to promoting the development of skills and logical-mathematical thinking, guiding them in the search for excellence and the fulfillment of their dreams.<\/p>\n\n<div class=\"wp-block-columns is-layout-flex wp-container-core-columns-is-layout-28f84493 wp-block-columns-is-layout-flex\">\n<div class=\"wp-block-column is-layout-flow wp-block-column-is-layout-flow\" style=\"flex-basis:100%\">\n<p class=\"has-text-color has-normal-font-size\" style=\"color:#1d3d35\"><strong>What do we do?<\/strong><\/p>\n\n\n\n<p>The Department designs, executes, evaluates and adapts the curriculum of the subjects; To expand it beyond the national curricular references, international and innovative methodologies are worked on, accompanied by the use of didactic materials and technological tools.<\/p>\n\n\n\n<p class=\"has-medium-font-size\"><strong>Subjects<\/strong><\/p>\n\n\n\n<p>In the Department of Mathematics we seek that students not only get involved in their learning process, but also become protagonists of significant experiences that allow them to acquire genuine learning. As a result of these efforts, our academic events arise, as well as the project space in all grades and subjects.<\/p>\n\n\n\n<div class=\"wp-block-columns is-layout-flex wp-container-core-columns-is-layout-28f84493 wp-block-columns-is-layout-flex\">\n<div class=\"wp-block-column is-layout-flow wp-block-column-is-layout-flow\">\n<p class=\"has-text-color has-normal-font-size\" style=\"color:#1d3d35\"><strong>Mathematics<\/strong><\/p>\n\n\n\n<figure class=\"wp-block-image size-large is-resized\"><img decoding=\"async\" src=\"http:\/\/www.gimnasiovermont.edu.co\/wp-content\/uploads\/2021\/07\/IMG_7961-edited-1-1024x641.jpg\" alt=\"\" class=\"wp-image-3133\" width=\"350\" srcset=\"https:\/\/www.gimnasiovermont.edu.co\/wp-content\/uploads\/2021\/07\/IMG_7961-edited-1-1024x641.jpg 1024w, https:\/\/www.gimnasiovermont.edu.co\/wp-content\/uploads\/2021\/07\/IMG_7961-edited-1-300x188.jpg 300w, https:\/\/www.gimnasiovermont.edu.co\/wp-content\/uploads\/2021\/07\/IMG_7961-edited-1-768x481.jpg 768w, https:\/\/www.gimnasiovermont.edu.co\/wp-content\/uploads\/2021\/07\/IMG_7961-edited-1-1536x961.jpg 1536w, https:\/\/www.gimnasiovermont.edu.co\/wp-content\/uploads\/2021\/07\/IMG_7961-edited-1-2048x1282.jpg 2048w\" sizes=\"(max-width: 1024px) 100vw, 1024px\" \/><\/figure>\n\n\n\n<p>In the preschool and primary sections, the Singapore Model is used to promote the passage from the concrete to the abstract, while in high school the process of articulation with the <a href=\"http:\/\/www.gimnasiovermont.edu.co\/bachillerato-internacional\/\" target=\"_blank\" rel=\"noreferrer noopener\">IB Diploma Program begins.<\/a><\/p>\n\n\n\n<p>In accordance with the provisions of the national regulatory framework and the Diploma Program, the basic skills associated with the five types of thinking are structured. The numerical and variational thinking and the problem-solving competence are developed as the articulating axes that allow the acquisition and development of the other competences.<\/p>\n<\/div>\n\n\n\n<div class=\"wp-block-column is-layout-flow wp-block-column-is-layout-flow\">\n<p class=\"has-text-color has-normal-font-size\" style=\"color:#1d3d35\">Physics<\/p>\n\n\n\n<figure class=\"wp-block-image size-large is-resized\"><img decoding=\"async\" src=\"http:\/\/www.gimnasiovermont.edu.co\/wp-content\/uploads\/2021\/07\/IMG_7938-1024x683.jpg\" alt=\"\" class=\"wp-image-3153\" width=\"330\" height=\"223\"\/><\/figure>\n\n\n\n<p>The objective of physics is to guide the students&#8217; process through the understanding, management and application of the fundamental concepts, principles and theories of this science. Students acquire the skills to understand and apply the scientific method with a critical and analytical mindset, with the purpose of modeling and solving problems, not only of physical interest, but also in other fields related to science and engineering.<\/p>\n<\/div>\n<\/div>\n<\/div>\n<\/div>\n\n<div class=\"wp-block-columns is-layout-flex wp-container-core-columns-is-layout-28f84493 wp-block-columns-is-layout-flex\">\n<div class=\"wp-block-column is-layout-flow wp-block-column-is-layout-flow\">\n<p class=\"has-text-color has-normal-font-size\" style=\"color:#1d3d35\"><strong>Geometry<\/strong><\/p>\n\n\n\n<figure class=\"wp-block-image size-large is-resized\"><img decoding=\"async\" src=\"http:\/\/www.gimnasiovermont.edu.co\/wp-content\/uploads\/2021\/07\/IMG_7932-edited-1024x641.jpg\" alt=\"\" class=\"wp-image-3137\" width=\"350\" srcset=\"https:\/\/www.gimnasiovermont.edu.co\/wp-content\/uploads\/2021\/07\/IMG_7932-edited-1024x641.jpg 1024w, https:\/\/www.gimnasiovermont.edu.co\/wp-content\/uploads\/2021\/07\/IMG_7932-edited-300x188.jpg 300w, https:\/\/www.gimnasiovermont.edu.co\/wp-content\/uploads\/2021\/07\/IMG_7932-edited-768x480.jpg 768w, https:\/\/www.gimnasiovermont.edu.co\/wp-content\/uploads\/2021\/07\/IMG_7932-edited-1536x961.jpg 1536w, https:\/\/www.gimnasiovermont.edu.co\/wp-content\/uploads\/2021\/07\/IMG_7932-edited-2048x1281.jpg 2048w\" sizes=\"(max-width: 1024px) 100vw, 1024px\" \/><\/figure>\n\n\n\n<p>Geometry favors the development of geometric and metric thoughts through the design and implementation of innovative tasks, that allow students to acquire the ability to generate proofs.<\/p>\n<\/div>\n\n\n\n<div class=\"wp-block-column is-layout-flow wp-block-column-is-layout-flow\">\n<p class=\"has-text-color has-normal-font-size\" style=\"color:#1d3d35\"><strong>Statistics<\/strong><\/p>\n\n\n\n<figure class=\"wp-block-image size-large is-resized\"><img decoding=\"async\" src=\"http:\/\/www.gimnasiovermont.edu.co\/wp-content\/uploads\/2021\/11\/IMG_8001-1024x683.jpg\" alt=\"\" class=\"wp-image-6698\" width=\"327\" height=\"221\"\/><\/figure>\n\n\n\n<p>Statistics develops random thinking by generating links between the tools provided by this subject and the real contexts in which students interpret and analyze data to make decisions and solve problems.<\/p>\n<\/div>\n<\/div>\n\n<div class=\"wp-block-columns is-layout-flex wp-container-core-columns-is-layout-28f84493 wp-block-columns-is-layout-flex\">\n<div class=\"wp-block-column is-layout-flow wp-block-column-is-layout-flow\" style=\"flex-basis:100%\">\n<p class=\"has-medium-font-size\"><strong>Olympiads<\/strong><\/p>\n\n\n\n<p>The Department&#8217;s results are visible in the participation of students in the Mathematics and Physics Olympiads.<\/p>\n\n\n\n<ul class=\"wp-block-list\"><li>Math and Physics Olympiads<\/li><li>Creativity marathon<\/li><li>Congress of Applied Statistics<\/li><\/ul>\n<\/div>\n<\/div>\n\n<div class=\"wp-block-columns is-layout-flex wp-container-core-columns-is-layout-28f84493 wp-block-columns-is-layout-flex\">\n<div class=\"wp-block-column is-layout-flow wp-block-column-is-layout-flow\" style=\"flex-basis:100%\">\n<p class=\"has-text-color has-normal-font-size\" style=\"color:#1d3d35\"><strong>What are we working on?<\/strong><\/p>\n<\/div>\n<\/div>\n\n<div class=\"wp-block-columns is-layout-flex wp-container-core-columns-is-layout-28f84493 wp-block-columns-is-layout-flex\">\n<div class=\"wp-block-column is-layout-flow wp-block-column-is-layout-flow\">\n<div class=\"wp-block-pb-accordion-item c-accordion__item js-accordion-item no-js\" data-initially-open=\"false\" data-click-to-close=\"true\" data-auto-close=\"true\" data-scroll=\"false\" data-scroll-offset=\"0\"><h5 id=\"at-21460\" class=\"c-accordion__title js-accordion-controller\" role=\"button\"> Grupo la Preuve  <\/h5><div id=\"ac-21460\" class=\"c-accordion__content\">\n<p> El grupo La Preuve del Gimnasio Vermont inici\u00f3 sus actividades en agosto de 2018 y est\u00e1 conformado por docentes con experiencia en la ense\u00f1anza de la geometr\u00eda de grados octavo y noveno. A partir de una serie de reflexiones acerca del proceso de ense\u00f1anza-aprendizaje de la geometr\u00eda, focalizadas en las dificultades que presentaban los estudiantes frente a la actividad demostrativa. Por esta raz\u00f3n, se dise\u00f1\u00f3 un espacio de discusi\u00f3n en el que se realizaron revisiones te\u00f3ricas y se dise\u00f1aron e implementaron actividades que contribuyeron a encontrar posibles respuestas a estas dificultades. <\/p>\n<\/div><\/div>\n\n\n\n<div class=\"wp-block-pb-accordion-item c-accordion__item js-accordion-item no-js\" data-initially-open=\"false\" data-click-to-close=\"true\" data-auto-close=\"true\" data-scroll=\"false\" data-scroll-offset=\"0\"><h5 id=\"at-21461\" class=\"c-accordion__title js-accordion-controller\" role=\"button\"> STEAM <\/h5><div id=\"ac-21461\" class=\"c-accordion__content\">\n<p> El enfoque de educaci\u00f3n STEAM -articulaci\u00f3n de las ciencias, tecnolog\u00eda, ingenier\u00eda, artes y matem\u00e1ticas-, fomenta en los estudiantes habilidades del siglo XXI como el pensamiento cr\u00edtico, creatividad, resoluci\u00f3n de problemas, habilidades del pensamiento sist\u00e9mico, colaboraci\u00f3n y comunicaci\u00f3n, entre otros. <\/p>\n<\/div><\/div>\n<\/div>\n<\/div>\n\n<div class=\"wp-block-columns is-layout-flex wp-container-core-columns-is-layout-28f84493 wp-block-columns-is-layout-flex\">\n<div class=\"wp-block-column is-layout-flow wp-block-column-is-layout-flow\">\n<div class=\"wp-block-image\"><figure class=\"alignright size-large is-resized\"><a href=\"https:\/\/www.gimnasiovermont.edu.co\/admisiones\/\"><img decoding=\"async\" src=\"http:\/\/www.gimnasiovermont.edu.co\/wp-content\/uploads\/2020\/11\/mision-3.svg\" alt=\"\" class=\"wp-image-275\" width=\"95\" height=\"95\" srcset=\"https:\/\/www.gimnasiovermont.edu.co\/wp-content\/uploads\/\/2020\/11\/mision-3.svg 150w, https:\/\/www.gimnasiovermont.edu.co\/wp-content\/uploads\/\/2020\/11\/mision-3.svg 300w, https:\/\/www.gimnasiovermont.edu.co\/wp-content\/uploads\/\/2020\/11\/mision-3.svg 1024w\" sizes=\"(max-width: 95px) 100vw, 95px\" \/><\/a><figcaption><a href=\"https:\/\/www.gimnasiovermont.edu.co\/admisiones\/\" target=\"_blank\" rel=\"noreferrer noopener\">Admisiones<\/a><\/figcaption><\/figure><\/div>\n<\/div>\n\n\n\n<div class=\"wp-block-column is-layout-flow wp-block-column-is-layout-flow\">\n<div class=\"wp-block-image\"><figure class=\"aligncenter size-full is-resized\"><a href=\"https:\/\/www.gimnasiovermont.edu.co\/bachillerato-internacional\/\"><img decoding=\"async\" src=\"http:\/\/www.gimnasiovermont.edu.co\/wp-content\/uploads\/2020\/11\/mision-1.png\" alt=\"\" class=\"wp-image-269\" width=\"95\" height=\"95\"\/><\/a><figcaption><a href=\"https:\/\/www.gimnasiovermont.edu.co\/bachillerato-internacional\/\" target=\"_blank\" rel=\"noreferrer noopener\">Bachillerato Internacional<\/a><\/figcaption><\/figure><\/div>\n<\/div>\n\n\n\n<div class=\"wp-block-column is-layout-flow wp-block-column-is-layout-flow\">\n<div class=\"wp-block-image is-style-rounded\"><figure class=\"alignleft size-large is-resized\"><a href=\"https:\/\/www.gimnasiovermont.edu.co\/nosotros\/apoyo-escolar\/\"><img decoding=\"async\" src=\"http:\/\/www.gimnasiovermont.edu.co\/wp-content\/uploads\/2021\/07\/Copia-de-White-Charcoal-Minimalist-Beer-Illustration-Birthday-Invitation-1024x1024.jpg\" alt=\"\" class=\"wp-image-2274\" width=\"96\" height=\"96\" srcset=\"https:\/\/www.gimnasiovermont.edu.co\/wp-content\/uploads\/2021\/07\/Copia-de-White-Charcoal-Minimalist-Beer-Illustration-Birthday-Invitation-1024x1024.jpg 1024w, https:\/\/www.gimnasiovermont.edu.co\/wp-content\/uploads\/2021\/07\/Copia-de-White-Charcoal-Minimalist-Beer-Illustration-Birthday-Invitation-300x300.jpg 300w, https:\/\/www.gimnasiovermont.edu.co\/wp-content\/uploads\/2021\/07\/Copia-de-White-Charcoal-Minimalist-Beer-Illustration-Birthday-Invitation-150x150.jpg 150w, https:\/\/www.gimnasiovermont.edu.co\/wp-content\/uploads\/2021\/07\/Copia-de-White-Charcoal-Minimalist-Beer-Illustration-Birthday-Invitation-768x768.jpg 768w, https:\/\/www.gimnasiovermont.edu.co\/wp-content\/uploads\/2021\/07\/Copia-de-White-Charcoal-Minimalist-Beer-Illustration-Birthday-Invitation-1536x1536.jpg 1536w, https:\/\/www.gimnasiovermont.edu.co\/wp-content\/uploads\/2021\/07\/Copia-de-White-Charcoal-Minimalist-Beer-Illustration-Birthday-Invitation.jpg 1654w\" sizes=\"(max-width: 96px) 100vw, 96px\" \/><\/a><figcaption><a href=\"https:\/\/www.gimnasiovermont.edu.co\/nosotros\/apoyo-escolar\/\" target=\"_blank\" rel=\"noreferrer noopener\">Apoyo Escolar<\/a><\/figcaption><\/figure><\/div>\n<\/div>\n<\/div>\n","protected":false},"excerpt":{"rendered":"<p>The Department of Mathematics leads the training process in the subjects of Mathematics, Geometry, Statistics and Physics, from preschool to [&hellip;]<\/p>\n","protected":false},"author":2,"featured_media":0,"parent":0,"menu_order":0,"comment_status":"open","ping_status":"closed","template":"","meta":{"_uag_custom_page_level_css":"","advgb_blocks_editor_width":"","advgb_blocks_columns_visual_guide":"","_joinchat":[],"footnotes":""},"class_list":["post-14116","page","type-page","status-publish","hentry"],"featured_image_src":null,"yoast_head":"<!-- This site is optimized with the Yoast SEO plugin v26.9 - https:\/\/yoast.com\/product\/yoast-seo-wordpress\/ -->\n<title>Department of Mathematics - Gimnasio Vermont<\/title>\n<meta name=\"robots\" content=\"index, follow, max-snippet:-1, max-image-preview:large, max-video-preview:-1\" \/>\n<link rel=\"canonical\" href=\"https:\/\/www.gimnasiovermont.edu.co\/en\/department-of-mathematics\/\" \/>\n<meta property=\"og:locale\" content=\"en_US\" \/>\n<meta property=\"og:type\" content=\"article\" \/>\n<meta property=\"og:title\" content=\"Department of Mathematics - Gimnasio Vermont\" \/>\n<meta property=\"og:description\" content=\"The Department of Mathematics leads the training process in the subjects of Mathematics, Geometry, Statistics and Physics, from preschool to [&hellip;]\" \/>\n<meta property=\"og:url\" content=\"https:\/\/www.gimnasiovermont.edu.co\/en\/department-of-mathematics\/\" \/>\n<meta property=\"og:site_name\" content=\"Gimnasio Vermont\" \/>\n<meta property=\"article:modified_time\" content=\"2022-11-21T14:33:27+00:00\" \/>\n<meta property=\"og:image\" content=\"http:\/\/www.gimnasiovermont.edu.co\/wp-content\/uploads\/2021\/11\/Banner-Paginas-internas-PG-Web-GV-5.png\" \/>\n<meta name=\"twitter:card\" content=\"summary_large_image\" \/>\n<meta name=\"twitter:label1\" content=\"Est. reading time\" \/>\n\t<meta name=\"twitter:data1\" content=\"3 minutes\" \/>\n<script type=\"application\/ld+json\" class=\"yoast-schema-graph\">{\"@context\":\"https:\/\/schema.org\",\"@graph\":[{\"@type\":\"WebPage\",\"@id\":\"https:\/\/www.gimnasiovermont.edu.co\/en\/department-of-mathematics\/\",\"url\":\"https:\/\/www.gimnasiovermont.edu.co\/en\/department-of-mathematics\/\",\"name\":\"Department of Mathematics - Gimnasio Vermont\",\"isPartOf\":{\"@id\":\"https:\/\/www.gimnasiovermont.edu.co\/#website\"},\"primaryImageOfPage\":{\"@id\":\"https:\/\/www.gimnasiovermont.edu.co\/en\/department-of-mathematics\/#primaryimage\"},\"image\":{\"@id\":\"https:\/\/www.gimnasiovermont.edu.co\/en\/department-of-mathematics\/#primaryimage\"},\"thumbnailUrl\":\"http:\/\/www.gimnasiovermont.edu.co\/wp-content\/uploads\/2021\/11\/Banner-Paginas-internas-PG-Web-GV-5.png\",\"datePublished\":\"2022-11-21T14:32:15+00:00\",\"dateModified\":\"2022-11-21T14:33:27+00:00\",\"breadcrumb\":{\"@id\":\"https:\/\/www.gimnasiovermont.edu.co\/en\/department-of-mathematics\/#breadcrumb\"},\"inLanguage\":\"en-US\",\"potentialAction\":[{\"@type\":\"ReadAction\",\"target\":[\"https:\/\/www.gimnasiovermont.edu.co\/en\/department-of-mathematics\/\"]}]},{\"@type\":\"ImageObject\",\"inLanguage\":\"en-US\",\"@id\":\"https:\/\/www.gimnasiovermont.edu.co\/en\/department-of-mathematics\/#primaryimage\",\"url\":\"http:\/\/www.gimnasiovermont.edu.co\/wp-content\/uploads\/2021\/11\/Banner-Paginas-internas-PG-Web-GV-5.png\",\"contentUrl\":\"http:\/\/www.gimnasiovermont.edu.co\/wp-content\/uploads\/2021\/11\/Banner-Paginas-internas-PG-Web-GV-5.png\"},{\"@type\":\"BreadcrumbList\",\"@id\":\"https:\/\/www.gimnasiovermont.edu.co\/en\/department-of-mathematics\/#breadcrumb\",\"itemListElement\":[{\"@type\":\"ListItem\",\"position\":1,\"name\":\"Inicio\",\"item\":\"https:\/\/www.gimnasiovermont.edu.co\/en\/\"},{\"@type\":\"ListItem\",\"position\":2,\"name\":\"Department of Mathematics\"}]},{\"@type\":\"WebSite\",\"@id\":\"https:\/\/www.gimnasiovermont.edu.co\/#website\",\"url\":\"https:\/\/www.gimnasiovermont.edu.co\/\",\"name\":\"Gimnasio Vermont\",\"description\":\"\",\"publisher\":{\"@id\":\"https:\/\/www.gimnasiovermont.edu.co\/#organization\"},\"potentialAction\":[{\"@type\":\"SearchAction\",\"target\":{\"@type\":\"EntryPoint\",\"urlTemplate\":\"https:\/\/www.gimnasiovermont.edu.co\/?s={search_term_string}\"},\"query-input\":{\"@type\":\"PropertyValueSpecification\",\"valueRequired\":true,\"valueName\":\"search_term_string\"}}],\"inLanguage\":\"en-US\"},{\"@type\":\"Organization\",\"@id\":\"https:\/\/www.gimnasiovermont.edu.co\/#organization\",\"name\":\"Gimnasio Vermont\",\"url\":\"https:\/\/www.gimnasiovermont.edu.co\/\",\"logo\":{\"@type\":\"ImageObject\",\"inLanguage\":\"en-US\",\"@id\":\"https:\/\/www.gimnasiovermont.edu.co\/#\/schema\/logo\/image\/\",\"url\":\"https:\/\/www.gimnasiovermont.edu.co\/wp-content\/uploads\/2021\/01\/logo.svg\",\"contentUrl\":\"https:\/\/www.gimnasiovermont.edu.co\/wp-content\/uploads\/2021\/01\/logo.svg\",\"caption\":\"Gimnasio Vermont\"},\"image\":{\"@id\":\"https:\/\/www.gimnasiovermont.edu.co\/#\/schema\/logo\/image\/\"}}]}<\/script>\n<!-- \/ Yoast SEO plugin. -->","yoast_head_json":{"title":"Department of Mathematics - Gimnasio Vermont","robots":{"index":"index","follow":"follow","max-snippet":"max-snippet:-1","max-image-preview":"max-image-preview:large","max-video-preview":"max-video-preview:-1"},"canonical":"https:\/\/www.gimnasiovermont.edu.co\/en\/department-of-mathematics\/","og_locale":"en_US","og_type":"article","og_title":"Department of Mathematics - Gimnasio Vermont","og_description":"The Department of Mathematics leads the training process in the subjects of Mathematics, Geometry, Statistics and Physics, from preschool to [&hellip;]","og_url":"https:\/\/www.gimnasiovermont.edu.co\/en\/department-of-mathematics\/","og_site_name":"Gimnasio Vermont","article_modified_time":"2022-11-21T14:33:27+00:00","og_image":[{"url":"http:\/\/www.gimnasiovermont.edu.co\/wp-content\/uploads\/2021\/11\/Banner-Paginas-internas-PG-Web-GV-5.png","type":"","width":"","height":""}],"twitter_card":"summary_large_image","twitter_misc":{"Est. reading time":"3 minutes"},"schema":{"@context":"https:\/\/schema.org","@graph":[{"@type":"WebPage","@id":"https:\/\/www.gimnasiovermont.edu.co\/en\/department-of-mathematics\/","url":"https:\/\/www.gimnasiovermont.edu.co\/en\/department-of-mathematics\/","name":"Department of Mathematics - Gimnasio Vermont","isPartOf":{"@id":"https:\/\/www.gimnasiovermont.edu.co\/#website"},"primaryImageOfPage":{"@id":"https:\/\/www.gimnasiovermont.edu.co\/en\/department-of-mathematics\/#primaryimage"},"image":{"@id":"https:\/\/www.gimnasiovermont.edu.co\/en\/department-of-mathematics\/#primaryimage"},"thumbnailUrl":"http:\/\/www.gimnasiovermont.edu.co\/wp-content\/uploads\/2021\/11\/Banner-Paginas-internas-PG-Web-GV-5.png","datePublished":"2022-11-21T14:32:15+00:00","dateModified":"2022-11-21T14:33:27+00:00","breadcrumb":{"@id":"https:\/\/www.gimnasiovermont.edu.co\/en\/department-of-mathematics\/#breadcrumb"},"inLanguage":"en-US","potentialAction":[{"@type":"ReadAction","target":["https:\/\/www.gimnasiovermont.edu.co\/en\/department-of-mathematics\/"]}]},{"@type":"ImageObject","inLanguage":"en-US","@id":"https:\/\/www.gimnasiovermont.edu.co\/en\/department-of-mathematics\/#primaryimage","url":"http:\/\/www.gimnasiovermont.edu.co\/wp-content\/uploads\/2021\/11\/Banner-Paginas-internas-PG-Web-GV-5.png","contentUrl":"http:\/\/www.gimnasiovermont.edu.co\/wp-content\/uploads\/2021\/11\/Banner-Paginas-internas-PG-Web-GV-5.png"},{"@type":"BreadcrumbList","@id":"https:\/\/www.gimnasiovermont.edu.co\/en\/department-of-mathematics\/#breadcrumb","itemListElement":[{"@type":"ListItem","position":1,"name":"Inicio","item":"https:\/\/www.gimnasiovermont.edu.co\/en\/"},{"@type":"ListItem","position":2,"name":"Department of Mathematics"}]},{"@type":"WebSite","@id":"https:\/\/www.gimnasiovermont.edu.co\/#website","url":"https:\/\/www.gimnasiovermont.edu.co\/","name":"Gimnasio Vermont","description":"","publisher":{"@id":"https:\/\/www.gimnasiovermont.edu.co\/#organization"},"potentialAction":[{"@type":"SearchAction","target":{"@type":"EntryPoint","urlTemplate":"https:\/\/www.gimnasiovermont.edu.co\/?s={search_term_string}"},"query-input":{"@type":"PropertyValueSpecification","valueRequired":true,"valueName":"search_term_string"}}],"inLanguage":"en-US"},{"@type":"Organization","@id":"https:\/\/www.gimnasiovermont.edu.co\/#organization","name":"Gimnasio Vermont","url":"https:\/\/www.gimnasiovermont.edu.co\/","logo":{"@type":"ImageObject","inLanguage":"en-US","@id":"https:\/\/www.gimnasiovermont.edu.co\/#\/schema\/logo\/image\/","url":"https:\/\/www.gimnasiovermont.edu.co\/wp-content\/uploads\/2021\/01\/logo.svg","contentUrl":"https:\/\/www.gimnasiovermont.edu.co\/wp-content\/uploads\/2021\/01\/logo.svg","caption":"Gimnasio Vermont"},"image":{"@id":"https:\/\/www.gimnasiovermont.edu.co\/#\/schema\/logo\/image\/"}}]}},"uagb_featured_image_src":{"full":false,"thumbnail":false,"medium":false,"medium_large":false,"large":false,"1536x1536":false,"2048x2048":false},"uagb_author_info":{"display_name":"Daniela Vargas Nieto","author_link":"https:\/\/www.gimnasiovermont.edu.co\/en\/author\/comunicacionesgimnasiovermont-edu-co\/"},"uagb_comment_info":0,"uagb_excerpt":"The Department of Mathematics leads the training process in the subjects of Mathematics, Geometry, Statistics and Physics, from preschool to [&hellip;]","coauthors":[],"author_meta":{"author_link":"https:\/\/www.gimnasiovermont.edu.co\/en\/author\/comunicacionesgimnasiovermont-edu-co\/","display_name":"Daniela Vargas Nieto"},"relative_dates":{"created":"Posted 3 years ago","modified":"Updated 3 years ago"},"absolute_dates":{"created":"Posted on November 21, 2022","modified":"Updated on November 21, 2022"},"absolute_dates_time":{"created":"Posted on November 21, 2022 2:32 pm","modified":"Updated on November 21, 2022 2:33 pm"},"featured_img_caption":"","featured_img":false,"series_order":"","jetpack_sharing_enabled":true,"_links":{"self":[{"href":"https:\/\/www.gimnasiovermont.edu.co\/en\/wp-json\/wp\/v2\/pages\/14116","targetHints":{"allow":["GET"]}}],"collection":[{"href":"https:\/\/www.gimnasiovermont.edu.co\/en\/wp-json\/wp\/v2\/pages"}],"about":[{"href":"https:\/\/www.gimnasiovermont.edu.co\/en\/wp-json\/wp\/v2\/types\/page"}],"author":[{"embeddable":true,"href":"https:\/\/www.gimnasiovermont.edu.co\/en\/wp-json\/wp\/v2\/users\/2"}],"replies":[{"embeddable":true,"href":"https:\/\/www.gimnasiovermont.edu.co\/en\/wp-json\/wp\/v2\/comments?post=14116"}],"version-history":[{"count":0,"href":"https:\/\/www.gimnasiovermont.edu.co\/en\/wp-json\/wp\/v2\/pages\/14116\/revisions"}],"wp:attachment":[{"href":"https:\/\/www.gimnasiovermont.edu.co\/en\/wp-json\/wp\/v2\/media?parent=14116"}],"curies":[{"name":"wp","href":"https:\/\/api.w.org\/{rel}","templated":true}]}}