{"id":14120,"date":"2022-11-21T16:49:14","date_gmt":"2022-11-21T16:49:14","guid":{"rendered":"https:\/\/www.gimnasiovermont.edu.co\/english-department\/"},"modified":"2022-12-26T21:18:42","modified_gmt":"2022-12-26T21:18:42","slug":"english-department","status":"publish","type":"page","link":"https:\/\/www.gimnasiovermont.edu.co\/en\/english-department\/","title":{"rendered":"English department"},"content":{"rendered":"\n<figure class=\"wp-block-image alignwide size-full is-style-default claseImagenes4\"><img decoding=\"async\" width=\"1000\" height=\"200\" src=\"http:\/\/www.gimnasiovermont.edu.co\/wp-content\/uploads\/2021\/07\/Fondo-ingles.png\" alt=\"\" class=\"wp-image-3254\" srcset=\"https:\/\/www.gimnasiovermont.edu.co\/wp-content\/uploads\/2021\/07\/Fondo-ingles.png 1000w, https:\/\/www.gimnasiovermont.edu.co\/wp-content\/uploads\/2021\/07\/Fondo-ingles-300x60.png 300w, https:\/\/www.gimnasiovermont.edu.co\/wp-content\/uploads\/2021\/07\/Fondo-ingles-768x154.png 768w\" sizes=\"(max-width: 1000px) 100vw, 1000px\" \/><\/figure>\n\n<p>Bilingualism<\/p>\n\n<p>For 26 years, <strong>Gimnasio Vermont<\/strong> has developed an English as a Second Language program that aims to acquire this language through an unconscious process, similar to that which occurs in the development of the mother tongue, by which the language is internalized. The Department&#8217;s mission is to develop a bilingual program, based on a humanistic conception that contributes to the formation of thought processes and favors the construction of communicative skills in English.<\/p>\n\n<div class=\"wp-block-columns is-layout-flex wp-container-core-columns-is-layout-28f84493 wp-block-columns-is-layout-flex\">\n<div class=\"wp-block-column is-layout-flow wp-block-column-is-layout-flow\">\n<p><strong>Agreement with Saint Michael&#8217;s College, Vermont, USA<\/strong><\/p>\n\n\n\n<figure class=\"wp-block-image\"><img decoding=\"async\" width=\"1198\" height=\"748\" src=\"http:\/\/www.gimnasiovermont.edu.co\/wp-content\/uploads\/2021\/09\/66695319_2888064391222157_4872432379160952832_o-edited.jpg\" alt=\"\" class=\"wp-image-4256\" srcset=\"https:\/\/www.gimnasiovermont.edu.co\/wp-content\/uploads\/2021\/09\/66695319_2888064391222157_4872432379160952832_o-edited.jpg 1198w, https:\/\/www.gimnasiovermont.edu.co\/wp-content\/uploads\/2021\/09\/66695319_2888064391222157_4872432379160952832_o-edited-300x187.jpg 300w, https:\/\/www.gimnasiovermont.edu.co\/wp-content\/uploads\/2021\/09\/66695319_2888064391222157_4872432379160952832_o-edited-1024x639.jpg 1024w, https:\/\/www.gimnasiovermont.edu.co\/wp-content\/uploads\/2021\/09\/66695319_2888064391222157_4872432379160952832_o-edited-768x480.jpg 768w\" sizes=\"(max-width: 1198px) 100vw, 1198px\" \/><\/figure>\n\n\n\n<p>We share the same humanistic values with Saint Michael&#8217;s College located in the state of Vermont, United States, recognized internationally for its extensive experience in English teaching programs; and thanks to their contribution, the bilingual program, which favors the thought processes of our students and the construction of communicative skills in English, was designed and implemented.<\/p>\n\n\n\n<hr class=\"wp-block-separator has-css-opacity\"\/>\n<\/div>\n\n\n\n<div class=\"wp-block-column is-layout-flow wp-block-column-is-layout-flow\">\n<p><strong>Summer program in Vermont and the northeastern USA and Canada<\/strong><\/p>\n\n\n\n<figure class=\"wp-block-image\"><img decoding=\"async\" width=\"640\" height=\"400\" src=\"http:\/\/www.gimnasiovermont.edu.co\/wp-content\/uploads\/2021\/09\/1DSC_0957-edited.jpg\" alt=\"\" class=\"wp-image-4260\" srcset=\"https:\/\/www.gimnasiovermont.edu.co\/wp-content\/uploads\/2021\/09\/1DSC_0957-edited.jpg 640w, https:\/\/www.gimnasiovermont.edu.co\/wp-content\/uploads\/2021\/09\/1DSC_0957-edited-300x188.jpg 300w\" sizes=\"(max-width: 640px) 100vw, 640px\" \/><\/figure>\n\n\n\n<p>Continuously for the past 27 years, Gimnasio Vermont students have enjoyed this educational experience learning about English and American culture at Saint Michael&#8217;s College. They also visit cities like Boston and New York in the United States; and Montreal, Quebec and Toronto in Canada.<\/p>\n\n\n\n<hr class=\"wp-block-separator has-css-opacity\"\/>\n<\/div>\n<\/div>\n\n<div class=\"wp-block-columns is-layout-flex wp-container-core-columns-is-layout-28f84493 wp-block-columns-is-layout-flex\">\n<div class=\"wp-block-column is-layout-flow wp-block-column-is-layout-flow\">\n<p class=\"has-medium-font-size\"><strong>English immersion phases<\/strong><\/p>\n\n\n\n<div class=\"wp-block-columns is-layout-flex wp-container-core-columns-is-layout-28f84493 wp-block-columns-is-layout-flex\">\n<div class=\"wp-block-column is-layout-flow wp-block-column-is-layout-flow\">\n<p><strong>Early Total Immersion Phase<\/strong><\/p>\n\n\n<div class=\"wp-block-image is-style-default\">\n<figure class=\"aligncenter size-large\"><img decoding=\"async\" width=\"2560\" height=\"1604\" src=\"http:\/\/www.gimnasiovermont.edu.co\/wp-content\/uploads\/2021\/07\/IMG_0312-edited-scaled.jpg\" alt=\"\" class=\"wp-image-3207\" srcset=\"https:\/\/www.gimnasiovermont.edu.co\/wp-content\/uploads\/2021\/07\/IMG_0312-edited-scaled.jpg 2560w, https:\/\/www.gimnasiovermont.edu.co\/wp-content\/uploads\/2021\/07\/IMG_0312-edited-300x188.jpg 300w, https:\/\/www.gimnasiovermont.edu.co\/wp-content\/uploads\/2021\/07\/IMG_0312-edited-1024x642.jpg 1024w, https:\/\/www.gimnasiovermont.edu.co\/wp-content\/uploads\/2021\/07\/IMG_0312-edited-768x481.jpg 768w, https:\/\/www.gimnasiovermont.edu.co\/wp-content\/uploads\/2021\/07\/IMG_0312-edited-1536x962.jpg 1536w, https:\/\/www.gimnasiovermont.edu.co\/wp-content\/uploads\/2021\/07\/IMG_0312-edited-2048x1283.jpg 2048w\" sizes=\"(max-width: 2560px) 100vw, 2560px\" \/><\/figure>\n<\/div>\n\n\n<p>The model chosen for our institution was adapted from the immersion program of the St. Lambert School in Canada. We start from the recognition that the second language is acquired in a similar way to the mother tongue in a stimulating environment, in which the child is exposed to the natural forms of language. Hence, our boys and girls spend their first three years of schooling (Pre-K, Kinder and Transition) using English as the language of instruction and interaction.<\/p>\n<\/div>\n\n\n\n<div class=\"wp-block-column is-layout-flow wp-block-column-is-layout-flow\">\n<p><strong>BICS Bilingual Phase<\/strong><\/p>\n\n\n\n<figure class=\"wp-block-image size-large\"><img decoding=\"async\" width=\"2560\" height=\"1598\" src=\"http:\/\/www.gimnasiovermont.edu.co\/wp-content\/uploads\/2021\/07\/DSC01253-edited-scaled.jpg\" alt=\"\" class=\"wp-image-3213\" srcset=\"https:\/\/www.gimnasiovermont.edu.co\/wp-content\/uploads\/2021\/07\/DSC01253-edited-scaled.jpg 2560w, https:\/\/www.gimnasiovermont.edu.co\/wp-content\/uploads\/2021\/07\/DSC01253-edited-300x187.jpg 300w, https:\/\/www.gimnasiovermont.edu.co\/wp-content\/uploads\/2021\/07\/DSC01253-edited-1024x639.jpg 1024w, https:\/\/www.gimnasiovermont.edu.co\/wp-content\/uploads\/2021\/07\/DSC01253-edited-768x479.jpg 768w, https:\/\/www.gimnasiovermont.edu.co\/wp-content\/uploads\/2021\/07\/DSC01253-edited-1536x959.jpg 1536w, https:\/\/www.gimnasiovermont.edu.co\/wp-content\/uploads\/2021\/07\/DSC01253-edited-2048x1279.jpg 2048w\" sizes=\"(max-width: 2560px) 100vw, 2560px\" \/><\/figure>\n\n\n\n<p>It covers the five years of elementary school and its purpose is to develop basic interpersonal communication skills, while working in two languages: English, with 60% exposure (language, math, science, IT and arts), and Spanish with 40% (Spanish, social and religious formation).<\/p>\n<\/div>\n\n\n\n<div class=\"wp-block-column is-layout-flow wp-block-column-is-layout-flow\">\n<p><strong>CALP Bilingual Phase <\/strong><\/p>\n\n\n\n<figure class=\"wp-block-image size-large\"><img decoding=\"async\" width=\"2560\" height=\"1597\" src=\"http:\/\/www.gimnasiovermont.edu.co\/wp-content\/uploads\/2021\/07\/IMG_8905-edited-scaled.jpg\" alt=\"\" class=\"wp-image-3219\" srcset=\"https:\/\/www.gimnasiovermont.edu.co\/wp-content\/uploads\/2021\/07\/IMG_8905-edited-scaled.jpg 2560w, https:\/\/www.gimnasiovermont.edu.co\/wp-content\/uploads\/2021\/07\/IMG_8905-edited-300x187.jpg 300w, https:\/\/www.gimnasiovermont.edu.co\/wp-content\/uploads\/2021\/07\/IMG_8905-edited-1024x639.jpg 1024w, https:\/\/www.gimnasiovermont.edu.co\/wp-content\/uploads\/2021\/07\/IMG_8905-edited-768x479.jpg 768w, https:\/\/www.gimnasiovermont.edu.co\/wp-content\/uploads\/2021\/07\/IMG_8905-edited-1536x958.jpg 1536w, https:\/\/www.gimnasiovermont.edu.co\/wp-content\/uploads\/2021\/07\/IMG_8905-edited-2048x1278.jpg 2048w\" sizes=\"(max-width: 2560px) 100vw, 2560px\" \/><\/figure>\n\n\n\n<p>In high school, our students are prepared to use English efficiently in academic contexts. The strategy called Content Based Instruction is used, which, based on the contents of different areas such as history, facilitates the consolidation of the second language by exercising it in a contextualized and meaningful way with language opportunities in classroom interactions. In this approach, three fundamental elements are worked on: content, language and learning strategies.<\/p>\n<\/div>\n<\/div>\n<\/div>\n<\/div>\n\n<p class=\"has-text-align-center has-text-color has-medium-font-size\" style=\"color:#1d3d35\"><strong>Parents tell us why they chose this program for their children:<\/strong><\/p>\n\n<div class=\"wp-block-columns is-layout-flex wp-container-core-columns-is-layout-28f84493 wp-block-columns-is-layout-flex\">\n<div class=\"wp-block-column is-layout-flow wp-block-column-is-layout-flow\">\n<blockquote class=\"wp-block-quote is-layout-flow wp-block-quote-is-layout-flow\">\n<p>&#8220;Decid\u00ed que el programa biling\u00fce del Gimnasio Vermont es el que quiero para mi hijo porque s\u00e9 que el nivel de ingl\u00e9s que obtendr\u00e1, le permitir\u00e1 acceder a una universidad extranjera, si esa es su meta&#8221;.<\/p>\n<\/blockquote>\n<\/div>\n\n\n\n<div class=\"wp-block-column is-layout-flow wp-block-column-is-layout-flow\">\n<blockquote class=\"wp-block-quote is-layout-flow wp-block-quote-is-layout-flow\">\n<p><em>&#8220;Valoro el programa biling\u00fce del Gimnasio Vermont porque toma como punto de partida el respeto a las diferencias para poder valorar otras culturas a la vez que mis hijos alcanzan su identidad colombiana<\/em>&#8220;.<\/p>\n<\/blockquote>\n<\/div>\n\n\n\n<div class=\"wp-block-column is-layout-flow wp-block-column-is-layout-flow\">\n<p>&#8220;The fact that my daughter learns to speak a second language during her first years of life, will help to program her brain circuits so that it is easier for her to learn new languages in the future.&#8221;<\/p>\n<\/div>\n<\/div>\n\n<div class=\"wp-block-columns is-layout-flex wp-container-core-columns-is-layout-28f84493 wp-block-columns-is-layout-flex\">\n<div class=\"wp-block-column is-layout-flow wp-block-column-is-layout-flow\">\n<div class=\"wp-block-image\"><figure class=\"alignright size-large is-resized\"><a href=\"https:\/\/www.gimnasiovermont.edu.co\/admisiones\/\"><img decoding=\"async\" src=\"http:\/\/www.gimnasiovermont.edu.co\/wp-content\/uploads\/2020\/11\/mision-3.svg\" alt=\"\" class=\"wp-image-275\" width=\"95\" height=\"95\" srcset=\"https:\/\/www.gimnasiovermont.edu.co\/wp-content\/uploads\/\/2020\/11\/mision-3.svg 150w, https:\/\/www.gimnasiovermont.edu.co\/wp-content\/uploads\/\/2020\/11\/mision-3.svg 300w, https:\/\/www.gimnasiovermont.edu.co\/wp-content\/uploads\/\/2020\/11\/mision-3.svg 1024w\" sizes=\"(max-width: 95px) 100vw, 95px\" \/><\/a><figcaption><a href=\"https:\/\/www.gimnasiovermont.edu.co\/admisiones\/\" target=\"_blank\" rel=\"noreferrer noopener\">Admisiones<\/a><\/figcaption><\/figure><\/div>\n<\/div>\n\n\n\n<div class=\"wp-block-column is-layout-flow wp-block-column-is-layout-flow\">\n<div class=\"wp-block-image\"><figure class=\"aligncenter size-full is-resized\"><a href=\"https:\/\/www.gimnasiovermont.edu.co\/bachillerato-internacional\/\"><img decoding=\"async\" src=\"http:\/\/www.gimnasiovermont.edu.co\/wp-content\/uploads\/2020\/11\/mision-1.png\" alt=\"\" class=\"wp-image-269\" width=\"95\" height=\"95\"\/><\/a><figcaption><a href=\"https:\/\/www.gimnasiovermont.edu.co\/bachillerato-internacional\/\" target=\"_blank\" rel=\"noreferrer noopener\">Bachillerato Internacional<\/a><\/figcaption><\/figure><\/div>\n<\/div>\n\n\n\n<div class=\"wp-block-column is-layout-flow wp-block-column-is-layout-flow\">\n<div class=\"wp-block-image is-style-rounded\"><figure class=\"alignleft size-large is-resized\"><a href=\"https:\/\/www.gimnasiovermont.edu.co\/nosotros\/apoyo-escolar\/\"><img decoding=\"async\" src=\"http:\/\/www.gimnasiovermont.edu.co\/wp-content\/uploads\/2021\/07\/Copia-de-White-Charcoal-Minimalist-Beer-Illustration-Birthday-Invitation-1024x1024.jpg\" alt=\"\" class=\"wp-image-2274\" width=\"96\" height=\"96\" srcset=\"https:\/\/www.gimnasiovermont.edu.co\/wp-content\/uploads\/2021\/07\/Copia-de-White-Charcoal-Minimalist-Beer-Illustration-Birthday-Invitation-1024x1024.jpg 1024w, https:\/\/www.gimnasiovermont.edu.co\/wp-content\/uploads\/2021\/07\/Copia-de-White-Charcoal-Minimalist-Beer-Illustration-Birthday-Invitation-300x300.jpg 300w, https:\/\/www.gimnasiovermont.edu.co\/wp-content\/uploads\/2021\/07\/Copia-de-White-Charcoal-Minimalist-Beer-Illustration-Birthday-Invitation-150x150.jpg 150w, https:\/\/www.gimnasiovermont.edu.co\/wp-content\/uploads\/2021\/07\/Copia-de-White-Charcoal-Minimalist-Beer-Illustration-Birthday-Invitation-768x768.jpg 768w, https:\/\/www.gimnasiovermont.edu.co\/wp-content\/uploads\/2021\/07\/Copia-de-White-Charcoal-Minimalist-Beer-Illustration-Birthday-Invitation-1536x1536.jpg 1536w, https:\/\/www.gimnasiovermont.edu.co\/wp-content\/uploads\/2021\/07\/Copia-de-White-Charcoal-Minimalist-Beer-Illustration-Birthday-Invitation.jpg 1654w\" sizes=\"(max-width: 96px) 100vw, 96px\" \/><\/a><figcaption><a href=\"https:\/\/www.gimnasiovermont.edu.co\/nosotros\/apoyo-escolar\/\" target=\"_blank\" rel=\"noreferrer noopener\">Apoyo Escolar<\/a><\/figcaption><\/figure><\/div>\n<\/div>\n<\/div>\n","protected":false},"excerpt":{"rendered":"<p>Bilingualism For 26 years, Gimnasio Vermont has developed an English as a Second Language program that aims to acquire this [&hellip;]<\/p>\n","protected":false},"author":2,"featured_media":0,"parent":0,"menu_order":0,"comment_status":"open","ping_status":"closed","template":"","meta":{"_uag_custom_page_level_css":"","advgb_blocks_editor_width":"","advgb_blocks_columns_visual_guide":"","_joinchat":[],"footnotes":""},"class_list":["post-14120","page","type-page","status-publish","hentry"],"featured_image_src":null,"yoast_head":"<!-- This site is optimized with the Yoast SEO plugin v26.9 - https:\/\/yoast.com\/product\/yoast-seo-wordpress\/ -->\n<title>English department - Gimnasio Vermont<\/title>\n<meta name=\"description\" content=\"El Gimnasio Vermont ha desarrollado un programa de ingl\u00e9s como segunda lengua que apunta a la adquisici\u00f3n de este idioma, mediante un proceso inconsciente, similar al que ocurre en el desarrollo de la lengua materna.\" \/>\n<meta name=\"robots\" content=\"index, follow, max-snippet:-1, max-image-preview:large, max-video-preview:-1\" \/>\n<link rel=\"canonical\" href=\"https:\/\/www.gimnasiovermont.edu.co\/en\/english-department\/\" \/>\n<meta property=\"og:locale\" content=\"en_US\" \/>\n<meta property=\"og:type\" content=\"article\" \/>\n<meta property=\"og:title\" content=\"English department - Gimnasio Vermont\" \/>\n<meta property=\"og:description\" content=\"El Gimnasio Vermont ha desarrollado un programa de ingl\u00e9s como segunda lengua que apunta a la adquisici\u00f3n de este idioma, mediante un proceso inconsciente, similar al que ocurre en el desarrollo de la lengua materna.\" \/>\n<meta property=\"og:url\" content=\"https:\/\/www.gimnasiovermont.edu.co\/en\/english-department\/\" \/>\n<meta property=\"og:site_name\" content=\"Gimnasio Vermont\" \/>\n<meta property=\"article:modified_time\" content=\"2022-12-26T21:18:42+00:00\" \/>\n<meta property=\"og:image\" content=\"http:\/\/www.gimnasiovermont.edu.co\/wp-content\/uploads\/2021\/07\/Fondo-ingles.png\" \/>\n<meta name=\"twitter:card\" content=\"summary_large_image\" \/>\n<meta name=\"twitter:label1\" content=\"Est. reading time\" \/>\n\t<meta name=\"twitter:data1\" content=\"3 minutes\" \/>\n<script type=\"application\/ld+json\" class=\"yoast-schema-graph\">{\"@context\":\"https:\/\/schema.org\",\"@graph\":[{\"@type\":\"WebPage\",\"@id\":\"https:\/\/www.gimnasiovermont.edu.co\/en\/english-department\/\",\"url\":\"https:\/\/www.gimnasiovermont.edu.co\/en\/english-department\/\",\"name\":\"English department - Gimnasio Vermont\",\"isPartOf\":{\"@id\":\"https:\/\/www.gimnasiovermont.edu.co\/#website\"},\"primaryImageOfPage\":{\"@id\":\"https:\/\/www.gimnasiovermont.edu.co\/en\/english-department\/#primaryimage\"},\"image\":{\"@id\":\"https:\/\/www.gimnasiovermont.edu.co\/en\/english-department\/#primaryimage\"},\"thumbnailUrl\":\"http:\/\/www.gimnasiovermont.edu.co\/wp-content\/uploads\/2021\/07\/Fondo-ingles.png\",\"datePublished\":\"2022-11-21T16:49:14+00:00\",\"dateModified\":\"2022-12-26T21:18:42+00:00\",\"description\":\"El Gimnasio Vermont ha desarrollado un programa de ingl\u00e9s como segunda lengua que apunta a la adquisici\u00f3n de este idioma, mediante un proceso inconsciente, similar al que ocurre en el desarrollo de la lengua materna.\",\"breadcrumb\":{\"@id\":\"https:\/\/www.gimnasiovermont.edu.co\/en\/english-department\/#breadcrumb\"},\"inLanguage\":\"en-US\",\"potentialAction\":[{\"@type\":\"ReadAction\",\"target\":[\"https:\/\/www.gimnasiovermont.edu.co\/en\/english-department\/\"]}]},{\"@type\":\"ImageObject\",\"inLanguage\":\"en-US\",\"@id\":\"https:\/\/www.gimnasiovermont.edu.co\/en\/english-department\/#primaryimage\",\"url\":\"http:\/\/www.gimnasiovermont.edu.co\/wp-content\/uploads\/2021\/07\/Fondo-ingles.png\",\"contentUrl\":\"http:\/\/www.gimnasiovermont.edu.co\/wp-content\/uploads\/2021\/07\/Fondo-ingles.png\"},{\"@type\":\"BreadcrumbList\",\"@id\":\"https:\/\/www.gimnasiovermont.edu.co\/en\/english-department\/#breadcrumb\",\"itemListElement\":[{\"@type\":\"ListItem\",\"position\":1,\"name\":\"Inicio\",\"item\":\"https:\/\/www.gimnasiovermont.edu.co\/en\/\"},{\"@type\":\"ListItem\",\"position\":2,\"name\":\"English department\"}]},{\"@type\":\"WebSite\",\"@id\":\"https:\/\/www.gimnasiovermont.edu.co\/#website\",\"url\":\"https:\/\/www.gimnasiovermont.edu.co\/\",\"name\":\"Gimnasio Vermont\",\"description\":\"\",\"publisher\":{\"@id\":\"https:\/\/www.gimnasiovermont.edu.co\/#organization\"},\"potentialAction\":[{\"@type\":\"SearchAction\",\"target\":{\"@type\":\"EntryPoint\",\"urlTemplate\":\"https:\/\/www.gimnasiovermont.edu.co\/?s={search_term_string}\"},\"query-input\":{\"@type\":\"PropertyValueSpecification\",\"valueRequired\":true,\"valueName\":\"search_term_string\"}}],\"inLanguage\":\"en-US\"},{\"@type\":\"Organization\",\"@id\":\"https:\/\/www.gimnasiovermont.edu.co\/#organization\",\"name\":\"Gimnasio Vermont\",\"url\":\"https:\/\/www.gimnasiovermont.edu.co\/\",\"logo\":{\"@type\":\"ImageObject\",\"inLanguage\":\"en-US\",\"@id\":\"https:\/\/www.gimnasiovermont.edu.co\/#\/schema\/logo\/image\/\",\"url\":\"https:\/\/www.gimnasiovermont.edu.co\/wp-content\/uploads\/2021\/01\/logo.svg\",\"contentUrl\":\"https:\/\/www.gimnasiovermont.edu.co\/wp-content\/uploads\/2021\/01\/logo.svg\",\"caption\":\"Gimnasio Vermont\"},\"image\":{\"@id\":\"https:\/\/www.gimnasiovermont.edu.co\/#\/schema\/logo\/image\/\"}}]}<\/script>\n<!-- \/ Yoast SEO plugin. -->","yoast_head_json":{"title":"English department - Gimnasio Vermont","description":"El Gimnasio Vermont ha desarrollado un programa de ingl\u00e9s como segunda lengua que apunta a la adquisici\u00f3n de este idioma, mediante un proceso inconsciente, similar al que ocurre en el desarrollo de la lengua materna.","robots":{"index":"index","follow":"follow","max-snippet":"max-snippet:-1","max-image-preview":"max-image-preview:large","max-video-preview":"max-video-preview:-1"},"canonical":"https:\/\/www.gimnasiovermont.edu.co\/en\/english-department\/","og_locale":"en_US","og_type":"article","og_title":"English department - Gimnasio Vermont","og_description":"El Gimnasio Vermont ha desarrollado un programa de ingl\u00e9s como segunda lengua que apunta a la adquisici\u00f3n de este idioma, mediante un proceso inconsciente, similar al que ocurre en el desarrollo de la lengua materna.","og_url":"https:\/\/www.gimnasiovermont.edu.co\/en\/english-department\/","og_site_name":"Gimnasio Vermont","article_modified_time":"2022-12-26T21:18:42+00:00","og_image":[{"url":"http:\/\/www.gimnasiovermont.edu.co\/wp-content\/uploads\/2021\/07\/Fondo-ingles.png","type":"","width":"","height":""}],"twitter_card":"summary_large_image","twitter_misc":{"Est. reading time":"3 minutes"},"schema":{"@context":"https:\/\/schema.org","@graph":[{"@type":"WebPage","@id":"https:\/\/www.gimnasiovermont.edu.co\/en\/english-department\/","url":"https:\/\/www.gimnasiovermont.edu.co\/en\/english-department\/","name":"English department - Gimnasio Vermont","isPartOf":{"@id":"https:\/\/www.gimnasiovermont.edu.co\/#website"},"primaryImageOfPage":{"@id":"https:\/\/www.gimnasiovermont.edu.co\/en\/english-department\/#primaryimage"},"image":{"@id":"https:\/\/www.gimnasiovermont.edu.co\/en\/english-department\/#primaryimage"},"thumbnailUrl":"http:\/\/www.gimnasiovermont.edu.co\/wp-content\/uploads\/2021\/07\/Fondo-ingles.png","datePublished":"2022-11-21T16:49:14+00:00","dateModified":"2022-12-26T21:18:42+00:00","description":"El Gimnasio Vermont ha desarrollado un programa de ingl\u00e9s como segunda lengua que apunta a la adquisici\u00f3n de este idioma, mediante un proceso inconsciente, similar al que ocurre en el desarrollo de la lengua materna.","breadcrumb":{"@id":"https:\/\/www.gimnasiovermont.edu.co\/en\/english-department\/#breadcrumb"},"inLanguage":"en-US","potentialAction":[{"@type":"ReadAction","target":["https:\/\/www.gimnasiovermont.edu.co\/en\/english-department\/"]}]},{"@type":"ImageObject","inLanguage":"en-US","@id":"https:\/\/www.gimnasiovermont.edu.co\/en\/english-department\/#primaryimage","url":"http:\/\/www.gimnasiovermont.edu.co\/wp-content\/uploads\/2021\/07\/Fondo-ingles.png","contentUrl":"http:\/\/www.gimnasiovermont.edu.co\/wp-content\/uploads\/2021\/07\/Fondo-ingles.png"},{"@type":"BreadcrumbList","@id":"https:\/\/www.gimnasiovermont.edu.co\/en\/english-department\/#breadcrumb","itemListElement":[{"@type":"ListItem","position":1,"name":"Inicio","item":"https:\/\/www.gimnasiovermont.edu.co\/en\/"},{"@type":"ListItem","position":2,"name":"English department"}]},{"@type":"WebSite","@id":"https:\/\/www.gimnasiovermont.edu.co\/#website","url":"https:\/\/www.gimnasiovermont.edu.co\/","name":"Gimnasio Vermont","description":"","publisher":{"@id":"https:\/\/www.gimnasiovermont.edu.co\/#organization"},"potentialAction":[{"@type":"SearchAction","target":{"@type":"EntryPoint","urlTemplate":"https:\/\/www.gimnasiovermont.edu.co\/?s={search_term_string}"},"query-input":{"@type":"PropertyValueSpecification","valueRequired":true,"valueName":"search_term_string"}}],"inLanguage":"en-US"},{"@type":"Organization","@id":"https:\/\/www.gimnasiovermont.edu.co\/#organization","name":"Gimnasio Vermont","url":"https:\/\/www.gimnasiovermont.edu.co\/","logo":{"@type":"ImageObject","inLanguage":"en-US","@id":"https:\/\/www.gimnasiovermont.edu.co\/#\/schema\/logo\/image\/","url":"https:\/\/www.gimnasiovermont.edu.co\/wp-content\/uploads\/2021\/01\/logo.svg","contentUrl":"https:\/\/www.gimnasiovermont.edu.co\/wp-content\/uploads\/2021\/01\/logo.svg","caption":"Gimnasio Vermont"},"image":{"@id":"https:\/\/www.gimnasiovermont.edu.co\/#\/schema\/logo\/image\/"}}]}},"uagb_featured_image_src":{"full":false,"thumbnail":false,"medium":false,"medium_large":false,"large":false,"1536x1536":false,"2048x2048":false},"uagb_author_info":{"display_name":"Daniela Vargas Nieto","author_link":"https:\/\/www.gimnasiovermont.edu.co\/en\/author\/comunicacionesgimnasiovermont-edu-co\/"},"uagb_comment_info":0,"uagb_excerpt":"Bilingualism For 26 years, Gimnasio Vermont has developed an English as a Second Language program that aims to acquire this [&hellip;]","coauthors":[],"author_meta":{"author_link":"https:\/\/www.gimnasiovermont.edu.co\/en\/author\/comunicacionesgimnasiovermont-edu-co\/","display_name":"Daniela Vargas Nieto"},"relative_dates":{"created":"Posted 3 years ago","modified":"Updated 3 years ago"},"absolute_dates":{"created":"Posted on November 21, 2022","modified":"Updated on December 26, 2022"},"absolute_dates_time":{"created":"Posted on November 21, 2022 4:49 pm","modified":"Updated on December 26, 2022 9:18 pm"},"featured_img_caption":"","featured_img":false,"series_order":"","jetpack_sharing_enabled":true,"_links":{"self":[{"href":"https:\/\/www.gimnasiovermont.edu.co\/en\/wp-json\/wp\/v2\/pages\/14120","targetHints":{"allow":["GET"]}}],"collection":[{"href":"https:\/\/www.gimnasiovermont.edu.co\/en\/wp-json\/wp\/v2\/pages"}],"about":[{"href":"https:\/\/www.gimnasiovermont.edu.co\/en\/wp-json\/wp\/v2\/types\/page"}],"author":[{"embeddable":true,"href":"https:\/\/www.gimnasiovermont.edu.co\/en\/wp-json\/wp\/v2\/users\/2"}],"replies":[{"embeddable":true,"href":"https:\/\/www.gimnasiovermont.edu.co\/en\/wp-json\/wp\/v2\/comments?post=14120"}],"version-history":[{"count":0,"href":"https:\/\/www.gimnasiovermont.edu.co\/en\/wp-json\/wp\/v2\/pages\/14120\/revisions"}],"wp:attachment":[{"href":"https:\/\/www.gimnasiovermont.edu.co\/en\/wp-json\/wp\/v2\/media?parent=14120"}],"curies":[{"name":"wp","href":"https:\/\/api.w.org\/{rel}","templated":true}]}}