{"id":14268,"date":"2022-11-22T20:07:44","date_gmt":"2022-11-22T20:07:44","guid":{"rendered":"https:\/\/www.gimnasiovermont.edu.co\/alumni\/"},"modified":"2022-11-22T20:07:45","modified_gmt":"2022-11-22T20:07:45","slug":"alumni","status":"publish","type":"page","link":"https:\/\/www.gimnasiovermont.edu.co\/en\/alumni\/","title":{"rendered":"Alumni"},"content":{"rendered":"\n<div class=\"wp-block-columns is-layout-flex wp-container-core-columns-is-layout-28f84493 wp-block-columns-is-layout-flex\">\n<div class=\"wp-block-column is-layout-flow wp-block-column-is-layout-flow\" style=\"flex-basis:100%\">\n<figure class=\"wp-block-image alignwide size-full\"><img decoding=\"async\" width=\"1000\" height=\"200\" src=\"http:\/\/www.gimnasiovermont.edu.co\/wp-content\/uploads\/2021\/09\/Diseno-sin-titulo-5.png\" alt=\"\" class=\"wp-image-4972\" srcset=\"https:\/\/www.gimnasiovermont.edu.co\/wp-content\/uploads\/2021\/09\/Diseno-sin-titulo-5.png 1000w, https:\/\/www.gimnasiovermont.edu.co\/wp-content\/uploads\/2021\/09\/Diseno-sin-titulo-5-300x60.png 300w, https:\/\/www.gimnasiovermont.edu.co\/wp-content\/uploads\/2021\/09\/Diseno-sin-titulo-5-768x154.png 768w\" sizes=\"(max-width: 1000px) 100vw, 1000px\" \/><figcaption>Class of 1958. From left to right: Raquel Fern\u00e1ndez Lafaurie, Mar\u00eda Isabel Garc\u00e9s Venegas, Joyce Townsend Prieto, Elena Jacobsen, Alicia Rodr\u00edguez Salgado, Francina Fern\u00e1ndez Lafaurie, Margarita Mantilla \u00c1lvarez y Gloria Vidales Oviedo.<\/figcaption><\/figure>\n\n\n\n<p><strong>Gimnasio Vermont<\/strong> strengthens and tightens the bond and communication with its graduates. To this end, the school is in permanent contact with its alumni through the Vermont Alumni Group on Facebook, through which we keep them informed about the institution&#8217;s news and progress, general information, events and activities.<\/p>\n\n\n\n<p>This group serves as a bridge of communication with entities or companies that request professionals for their employment at a work, social, educational, cultural and recreational level.<\/p>\n<\/div>\n<\/div>\n\n<div class=\"wp-block-columns is-layout-flex wp-container-core-columns-is-layout-28f84493 wp-block-columns-is-layout-flex\">\n<div class=\"wp-block-column is-layout-flow wp-block-column-is-layout-flow\">\n<div class=\"wp-block-buttons is-content-justification-center is-layout-flex wp-block-buttons-is-layout-flex\">\n<div class=\"wp-block-button is-style-outline is-style-outline--1\"><a class=\"wp-block-button__link\" href=\"https:\/\/docs.google.com\/forms\/d\/e\/1FAIpQLSeVWbO-Ak8Js_IcVaq-QwjZDksTGTDxUjBDZ1y-1v9loFrgOA\/viewform?fbclid=IwAR3SIaFkbhJwMzG2aBoyD7A1tn3DNgz9JvWu82jXcmO1bDU082pBHRVt_1M\">Update your information HERE<\/a><\/div>\n<\/div>\n<\/div>\n\n\n\n<div class=\"wp-block-column is-layout-flow wp-block-column-is-layout-flow\">\n<div class=\"wp-block-buttons is-content-justification-center is-layout-flex wp-block-buttons-is-layout-flex\">\n<div class=\"wp-block-button is-style-outline is-style-outline--2\"><a class=\"wp-block-button__link\" href=\"https:\/\/www.facebook.com\/exalumnos.gimnasiovermont\">Be part of the Alumni Community HERE<\/a><\/div>\n<\/div>\n<\/div>\n<\/div>\n\n<div class=\"wp-block-columns is-layout-flex wp-container-core-columns-is-layout-28f84493 wp-block-columns-is-layout-flex\">\n<div class=\"wp-block-column is-layout-flow wp-block-column-is-layout-flow\"><\/div>\n<\/div>\n\n<h4 class=\"has-text-align-center wp-block-heading\"><strong>Alumni Testimonies<\/strong><\/h4>\n\n<div class=\"wp-block-columns is-layout-flex wp-container-core-columns-is-layout-28f84493 wp-block-columns-is-layout-flex\">\n<div class=\"wp-block-column is-layout-flow wp-block-column-is-layout-flow\">\n<blockquote class=\"wp-block-quote is-layout-flow wp-block-quote-is-layout-flow\"><p>&#8220;I have prolonged in time the achievements of &#8216;my School&#8217; Our Lady of Peace to which I enrolled in 1947 and from which I graduated in 1957 in the Second Class&#8221;.<\/p><cite>Maria Elvira Uribe, Class of 1957<\/cite><\/blockquote>\n<\/div>\n\n\n\n<div class=\"wp-block-column is-layout-flow wp-block-column-is-layout-flow\">\n<blockquote class=\"wp-block-quote is-layout-flow wp-block-quote-is-layout-flow\"><p>&#8220;I am proud to be an Alumna of this wonderful school formerly called Our Lady of Peace&#8221;.<\/p><cite>Yolanda \u00c1lvarez, Exalumna<\/cite><\/blockquote>\n<\/div>\n\n\n\n<div class=\"wp-block-column is-layout-flow wp-block-column-is-layout-flow\">\n<blockquote class=\"wp-block-quote is-layout-flow wp-block-quote-is-layout-flow\"><p>&#8220;In this school we form a beautiful chain of memories and friendships&#8221;.<\/p><cite> Blanca Noel , Exalumna<\/cite><\/blockquote>\n<\/div>\n<\/div>\n\n<p><\/p>\n","protected":false},"excerpt":{"rendered":"<p>Gimnasio Vermont strengthens and tightens the bond and communication with its graduates. To this end, the school is in permanent [&hellip;]<\/p>\n","protected":false},"author":1,"featured_media":0,"parent":0,"menu_order":0,"comment_status":"closed","ping_status":"closed","template":"","meta":{"_uag_custom_page_level_css":"","advgb_blocks_editor_width":"","advgb_blocks_columns_visual_guide":"","_joinchat":[],"footnotes":""},"class_list":["post-14268","page","type-page","status-publish","hentry"],"featured_image_src":null,"yoast_head":"<!-- This site is optimized with the Yoast SEO plugin v26.9 - https:\/\/yoast.com\/product\/yoast-seo-wordpress\/ -->\n<title>Alumni - Gimnasio Vermont<\/title>\n<meta name=\"robots\" content=\"index, follow, max-snippet:-1, max-image-preview:large, max-video-preview:-1\" \/>\n<link rel=\"canonical\" href=\"https:\/\/www.gimnasiovermont.edu.co\/en\/alumni\/\" \/>\n<meta property=\"og:locale\" content=\"en_US\" \/>\n<meta property=\"og:type\" content=\"article\" \/>\n<meta property=\"og:title\" content=\"Alumni - Gimnasio Vermont\" \/>\n<meta property=\"og:description\" content=\"Gimnasio Vermont strengthens and tightens the bond and communication with its graduates. To this end, the school is in permanent [&hellip;]\" \/>\n<meta property=\"og:url\" content=\"https:\/\/www.gimnasiovermont.edu.co\/en\/alumni\/\" \/>\n<meta property=\"og:site_name\" content=\"Gimnasio Vermont\" \/>\n<meta property=\"article:modified_time\" content=\"2022-11-22T20:07:45+00:00\" \/>\n<meta property=\"og:image\" content=\"http:\/\/www.gimnasiovermont.edu.co\/wp-content\/uploads\/2021\/09\/Diseno-sin-titulo-5.png\" \/>\n<meta name=\"twitter:card\" content=\"summary_large_image\" \/>\n<meta name=\"twitter:label1\" content=\"Est. reading time\" \/>\n\t<meta name=\"twitter:data1\" content=\"1 minute\" \/>\n<script type=\"application\/ld+json\" class=\"yoast-schema-graph\">{\"@context\":\"https:\/\/schema.org\",\"@graph\":[{\"@type\":\"WebPage\",\"@id\":\"https:\/\/www.gimnasiovermont.edu.co\/en\/alumni\/\",\"url\":\"https:\/\/www.gimnasiovermont.edu.co\/en\/alumni\/\",\"name\":\"Alumni - Gimnasio Vermont\",\"isPartOf\":{\"@id\":\"https:\/\/www.gimnasiovermont.edu.co\/#website\"},\"primaryImageOfPage\":{\"@id\":\"https:\/\/www.gimnasiovermont.edu.co\/en\/alumni\/#primaryimage\"},\"image\":{\"@id\":\"https:\/\/www.gimnasiovermont.edu.co\/en\/alumni\/#primaryimage\"},\"thumbnailUrl\":\"http:\/\/www.gimnasiovermont.edu.co\/wp-content\/uploads\/2021\/09\/Diseno-sin-titulo-5.png\",\"datePublished\":\"2022-11-22T20:07:44+00:00\",\"dateModified\":\"2022-11-22T20:07:45+00:00\",\"breadcrumb\":{\"@id\":\"https:\/\/www.gimnasiovermont.edu.co\/en\/alumni\/#breadcrumb\"},\"inLanguage\":\"en-US\",\"potentialAction\":[{\"@type\":\"ReadAction\",\"target\":[\"https:\/\/www.gimnasiovermont.edu.co\/en\/alumni\/\"]}]},{\"@type\":\"ImageObject\",\"inLanguage\":\"en-US\",\"@id\":\"https:\/\/www.gimnasiovermont.edu.co\/en\/alumni\/#primaryimage\",\"url\":\"http:\/\/www.gimnasiovermont.edu.co\/wp-content\/uploads\/2021\/09\/Diseno-sin-titulo-5.png\",\"contentUrl\":\"http:\/\/www.gimnasiovermont.edu.co\/wp-content\/uploads\/2021\/09\/Diseno-sin-titulo-5.png\"},{\"@type\":\"BreadcrumbList\",\"@id\":\"https:\/\/www.gimnasiovermont.edu.co\/en\/alumni\/#breadcrumb\",\"itemListElement\":[{\"@type\":\"ListItem\",\"position\":1,\"name\":\"Inicio\",\"item\":\"https:\/\/www.gimnasiovermont.edu.co\/en\/\"},{\"@type\":\"ListItem\",\"position\":2,\"name\":\"Alumni\"}]},{\"@type\":\"WebSite\",\"@id\":\"https:\/\/www.gimnasiovermont.edu.co\/#website\",\"url\":\"https:\/\/www.gimnasiovermont.edu.co\/\",\"name\":\"Gimnasio Vermont\",\"description\":\"\",\"publisher\":{\"@id\":\"https:\/\/www.gimnasiovermont.edu.co\/#organization\"},\"potentialAction\":[{\"@type\":\"SearchAction\",\"target\":{\"@type\":\"EntryPoint\",\"urlTemplate\":\"https:\/\/www.gimnasiovermont.edu.co\/?s={search_term_string}\"},\"query-input\":{\"@type\":\"PropertyValueSpecification\",\"valueRequired\":true,\"valueName\":\"search_term_string\"}}],\"inLanguage\":\"en-US\"},{\"@type\":\"Organization\",\"@id\":\"https:\/\/www.gimnasiovermont.edu.co\/#organization\",\"name\":\"Gimnasio Vermont\",\"url\":\"https:\/\/www.gimnasiovermont.edu.co\/\",\"logo\":{\"@type\":\"ImageObject\",\"inLanguage\":\"en-US\",\"@id\":\"https:\/\/www.gimnasiovermont.edu.co\/#\/schema\/logo\/image\/\",\"url\":\"https:\/\/www.gimnasiovermont.edu.co\/wp-content\/uploads\/2021\/01\/logo.svg\",\"contentUrl\":\"https:\/\/www.gimnasiovermont.edu.co\/wp-content\/uploads\/2021\/01\/logo.svg\",\"caption\":\"Gimnasio Vermont\"},\"image\":{\"@id\":\"https:\/\/www.gimnasiovermont.edu.co\/#\/schema\/logo\/image\/\"}}]}<\/script>\n<!-- \/ Yoast SEO plugin. -->","yoast_head_json":{"title":"Alumni - Gimnasio Vermont","robots":{"index":"index","follow":"follow","max-snippet":"max-snippet:-1","max-image-preview":"max-image-preview:large","max-video-preview":"max-video-preview:-1"},"canonical":"https:\/\/www.gimnasiovermont.edu.co\/en\/alumni\/","og_locale":"en_US","og_type":"article","og_title":"Alumni - Gimnasio Vermont","og_description":"Gimnasio Vermont strengthens and tightens the bond and communication with its graduates. To this end, the school is in permanent [&hellip;]","og_url":"https:\/\/www.gimnasiovermont.edu.co\/en\/alumni\/","og_site_name":"Gimnasio Vermont","article_modified_time":"2022-11-22T20:07:45+00:00","og_image":[{"url":"http:\/\/www.gimnasiovermont.edu.co\/wp-content\/uploads\/2021\/09\/Diseno-sin-titulo-5.png","type":"","width":"","height":""}],"twitter_card":"summary_large_image","twitter_misc":{"Est. reading time":"1 minute"},"schema":{"@context":"https:\/\/schema.org","@graph":[{"@type":"WebPage","@id":"https:\/\/www.gimnasiovermont.edu.co\/en\/alumni\/","url":"https:\/\/www.gimnasiovermont.edu.co\/en\/alumni\/","name":"Alumni - Gimnasio Vermont","isPartOf":{"@id":"https:\/\/www.gimnasiovermont.edu.co\/#website"},"primaryImageOfPage":{"@id":"https:\/\/www.gimnasiovermont.edu.co\/en\/alumni\/#primaryimage"},"image":{"@id":"https:\/\/www.gimnasiovermont.edu.co\/en\/alumni\/#primaryimage"},"thumbnailUrl":"http:\/\/www.gimnasiovermont.edu.co\/wp-content\/uploads\/2021\/09\/Diseno-sin-titulo-5.png","datePublished":"2022-11-22T20:07:44+00:00","dateModified":"2022-11-22T20:07:45+00:00","breadcrumb":{"@id":"https:\/\/www.gimnasiovermont.edu.co\/en\/alumni\/#breadcrumb"},"inLanguage":"en-US","potentialAction":[{"@type":"ReadAction","target":["https:\/\/www.gimnasiovermont.edu.co\/en\/alumni\/"]}]},{"@type":"ImageObject","inLanguage":"en-US","@id":"https:\/\/www.gimnasiovermont.edu.co\/en\/alumni\/#primaryimage","url":"http:\/\/www.gimnasiovermont.edu.co\/wp-content\/uploads\/2021\/09\/Diseno-sin-titulo-5.png","contentUrl":"http:\/\/www.gimnasiovermont.edu.co\/wp-content\/uploads\/2021\/09\/Diseno-sin-titulo-5.png"},{"@type":"BreadcrumbList","@id":"https:\/\/www.gimnasiovermont.edu.co\/en\/alumni\/#breadcrumb","itemListElement":[{"@type":"ListItem","position":1,"name":"Inicio","item":"https:\/\/www.gimnasiovermont.edu.co\/en\/"},{"@type":"ListItem","position":2,"name":"Alumni"}]},{"@type":"WebSite","@id":"https:\/\/www.gimnasiovermont.edu.co\/#website","url":"https:\/\/www.gimnasiovermont.edu.co\/","name":"Gimnasio Vermont","description":"","publisher":{"@id":"https:\/\/www.gimnasiovermont.edu.co\/#organization"},"potentialAction":[{"@type":"SearchAction","target":{"@type":"EntryPoint","urlTemplate":"https:\/\/www.gimnasiovermont.edu.co\/?s={search_term_string}"},"query-input":{"@type":"PropertyValueSpecification","valueRequired":true,"valueName":"search_term_string"}}],"inLanguage":"en-US"},{"@type":"Organization","@id":"https:\/\/www.gimnasiovermont.edu.co\/#organization","name":"Gimnasio Vermont","url":"https:\/\/www.gimnasiovermont.edu.co\/","logo":{"@type":"ImageObject","inLanguage":"en-US","@id":"https:\/\/www.gimnasiovermont.edu.co\/#\/schema\/logo\/image\/","url":"https:\/\/www.gimnasiovermont.edu.co\/wp-content\/uploads\/2021\/01\/logo.svg","contentUrl":"https:\/\/www.gimnasiovermont.edu.co\/wp-content\/uploads\/2021\/01\/logo.svg","caption":"Gimnasio Vermont"},"image":{"@id":"https:\/\/www.gimnasiovermont.edu.co\/#\/schema\/logo\/image\/"}}]}},"uagb_featured_image_src":{"full":false,"thumbnail":false,"medium":false,"medium_large":false,"large":false,"1536x1536":false,"2048x2048":false},"uagb_author_info":{"display_name":"emilio","author_link":"https:\/\/www.gimnasiovermont.edu.co\/en\/author\/emilio\/"},"uagb_comment_info":0,"uagb_excerpt":"Gimnasio Vermont strengthens and tightens the bond and communication with its graduates. To this end, the school is in permanent [&hellip;]","coauthors":[],"author_meta":{"author_link":"https:\/\/www.gimnasiovermont.edu.co\/en\/author\/emilio\/","display_name":"emilio"},"relative_dates":{"created":"Posted 3 years ago","modified":"Updated 3 years ago"},"absolute_dates":{"created":"Posted on November 22, 2022","modified":"Updated on November 22, 2022"},"absolute_dates_time":{"created":"Posted on November 22, 2022 8:07 pm","modified":"Updated on November 22, 2022 8:07 pm"},"featured_img_caption":"","featured_img":false,"series_order":"","jetpack_sharing_enabled":true,"_links":{"self":[{"href":"https:\/\/www.gimnasiovermont.edu.co\/en\/wp-json\/wp\/v2\/pages\/14268","targetHints":{"allow":["GET"]}}],"collection":[{"href":"https:\/\/www.gimnasiovermont.edu.co\/en\/wp-json\/wp\/v2\/pages"}],"about":[{"href":"https:\/\/www.gimnasiovermont.edu.co\/en\/wp-json\/wp\/v2\/types\/page"}],"author":[{"embeddable":true,"href":"https:\/\/www.gimnasiovermont.edu.co\/en\/wp-json\/wp\/v2\/users\/1"}],"replies":[{"embeddable":true,"href":"https:\/\/www.gimnasiovermont.edu.co\/en\/wp-json\/wp\/v2\/comments?post=14268"}],"version-history":[{"count":0,"href":"https:\/\/www.gimnasiovermont.edu.co\/en\/wp-json\/wp\/v2\/pages\/14268\/revisions"}],"wp:attachment":[{"href":"https:\/\/www.gimnasiovermont.edu.co\/en\/wp-json\/wp\/v2\/media?parent=14268"}],"curies":[{"name":"wp","href":"https:\/\/api.w.org\/{rel}","templated":true}]}}